{"id":103,"date":"2018-09-11T08:06:58","date_gmt":"2018-09-11T08:06:58","guid":{"rendered":"http:\/\/teleparalleluniverses.usal.es\/?page_id=103"},"modified":"2018-11-21T10:19:46","modified_gmt":"2018-11-21T10:19:46","slug":"english-participants","status":"publish","type":"page","link":"https:\/\/teleparalleluniverses.usal.es\/en\/english-participants\/","title":{"rendered":"Participants"},"content":{"rendered":"<table border=\"0\" cellspacing=\"0\">\n<colgroup width=\"263\"><\/colgroup>\n<colgroup width=\"569\"><\/colgroup>\n<colgroup width=\"114\"><\/colgroup>\n<tbody>\n<tr>\n<td align=\"left\" valign=\"middle\" height=\"32\"><b>Name<\/b><\/td>\n<td align=\"left\" valign=\"middle\"><b>Institution<\/b><\/td>\n<td align=\"left\" valign=\"middle\"><b>Title<\/b><\/td>\n<\/tr>\n<tr>\n<td align=\"left\" valign=\"middle\" height=\"32\">Alejandro Jim\u00e9nez Cano<\/td>\n<td align=\"left\" valign=\"middle\">Universidad de Granada<\/td>\n<td align=\"left\" valign=\"middle\">Electromagnetism induced by projective symmetry in metric-affine gravity<\/td>\n<\/tr>\n<tr>\n<td align=\"left\" valign=\"middle\" height=\"32\">Andrew Finch<\/td>\n<td align=\"left\" valign=\"middle\">Institute of Space Sciences and Astronomy, University of Malta<\/td>\n<td align=\"left\" valign=\"middle\">Galactic Rotation Dynamics in f(T) gravity<\/td>\n<\/tr>\n<tr>\n<td align=\"left\" valign=\"middle\" height=\"32\">Bert Janssen<\/td>\n<td align=\"left\" valign=\"middle\">Universidad de Granada<\/td>\n<td align=\"left\" valign=\"middle\">Non-Levi-Civita connections in Palatini-Gauss-Bonnet gravity<\/td>\n<\/tr>\n<tr>\n<td align=\"left\" valign=\"middle\" height=\"32\">Cecilia Bejarano<\/td>\n<td align=\"left\" valign=\"middle\">Instituto de Astronom\u00eda y F\u00edsica del Espacio (IAFE: CONICET \u2013 UBA)<\/td>\n<td align=\"left\" valign=\"middle\">Some relevant issues in 2+1 f(T) gravity<\/td>\n<\/tr>\n<tr>\n<td align=\"left\" valign=\"middle\" height=\"32\">Daniel Blixt<\/td>\n<td align=\"left\" valign=\"middle\">University of Tartu<\/td>\n<td align=\"left\" valign=\"middle\">Hamiltonian analysis in new general relativity<\/td>\n<\/tr>\n<tr>\n<td align=\"left\" valign=\"middle\" height=\"32\">Diego Rubiera-Garc\u00eda<\/td>\n<td align=\"left\" valign=\"middle\">Institute of Astrophysics and Space Sciences &#8211; University of Lisbon<\/td>\n<td align=\"left\" valign=\"middle\"><\/td>\n<\/tr>\n<tr>\n<td align=\"left\" valign=\"middle\" height=\"32\">Diego S\u00e1ez-Chill\u00f3n G\u00f3mez<\/td>\n<td align=\"left\" valign=\"middle\">University of the Basque Country<\/td>\n<td align=\"left\" valign=\"middle\">Some features of extended Teleparallel theories<\/td>\n<\/tr>\n<tr>\n<td align=\"left\" valign=\"middle\" height=\"32\">Ednardo Spaniol<\/td>\n<td align=\"left\" valign=\"middle\">UniCEUB\/UDF<\/td>\n<td align=\"left\" valign=\"middle\"><\/td>\n<\/tr>\n<tr>\n<td align=\"left\" valign=\"middle\" height=\"32\">Francisco J. Maldonado<\/td>\n<td align=\"left\" valign=\"middle\">University of Groningen\/University of Cape Town<\/td>\n<td align=\"left\" valign=\"middle\"><\/td>\n<\/tr>\n<tr>\n<td align=\"left\" valign=\"middle\" height=\"32\">Gabriel Farrugia<\/td>\n<td align=\"left\" valign=\"middle\">Institute of Space Sciences and Astronomy, University of Malta<\/td>\n<td align=\"left\" valign=\"middle\">Gravitational Waves in General Teleparallel Theories of Gravity<\/td>\n<\/tr>\n<tr>\n<td align=\"left\" valign=\"middle\" height=\"32\">Gonzalo J. Olmo<\/td>\n<td align=\"left\" valign=\"middle\">Universidad de Valencia<\/td>\n<td align=\"left\" valign=\"middle\"><\/td>\n<\/tr>\n<tr>\n<td align=\"left\" valign=\"middle\" height=\"32\">Jackson Levi Said<\/td>\n<td align=\"left\" valign=\"middle\">Institute of Space Sciences and Astronomy,University of Malta,<\/td>\n<td align=\"left\" valign=\"middle\"><\/td>\n<\/tr>\n<tr>\n<td align=\"left\" valign=\"middle\" height=\"32\">Jos\u00e9 Geraldo Pereira<\/td>\n<td align=\"left\" valign=\"middle\">Instituto de F\u00edsica Te\u00f3rica, UNESP<\/td>\n<td align=\"left\" valign=\"middle\">Teleparallel Gravity: Some Properties and Achievements<\/td>\n<\/tr>\n<tr>\n<td align=\"left\" valign=\"middle\" height=\"32\">Kostas Dialektopoulos<\/td>\n<td align=\"left\" valign=\"middle\">University of Naples \u201cFederico II\u201d<\/td>\n<td align=\"left\" valign=\"middle\">Noether symmetries in teleparallel theories<\/td>\n<\/tr>\n<tr>\n<td align=\"left\" valign=\"middle\" height=\"32\">Laur J\u00e4rv<\/td>\n<td align=\"left\" valign=\"middle\">University of Tartu<\/td>\n<td align=\"left\" valign=\"middle\">Flat spin connection for rotating vacuum spacetimes in teleparallel f(T) gravity<\/td>\n<\/tr>\n<tr>\n<td align=\"left\" valign=\"middle\" height=\"32\">Manuel Hohmann<\/td>\n<td align=\"left\" valign=\"middle\">University of Tartu<\/td>\n<td align=\"left\" valign=\"middle\">Scalar-torsion theories of gravity<\/td>\n<\/tr>\n<tr>\n<td align=\"left\" valign=\"middle\" height=\"32\">Mar\u00eda Jos\u00e9 Guzm\u00e1n Monsalve<\/td>\n<td align=\"left\" valign=\"middle\">Instituto de F\u00edsica de la Plata (CONICET-UNLP)<\/td>\n<td align=\"left\" valign=\"middle\">Hamiltonian formalism of the Jordan and Einstein frame representations of f(T) gravity<\/td>\n<\/tr>\n<tr>\n<td align=\"left\" valign=\"middle\" height=\"32\">Martin Krssak<\/td>\n<td align=\"left\" valign=\"middle\">University of Tartu<\/td>\n<td align=\"left\" valign=\"middle\">On the problem of energy-momentum in teleparallel gravity<\/td>\n<\/tr>\n<tr>\n<td align=\"left\" valign=\"middle\" height=\"32\">Muzaffer Adak<\/td>\n<td align=\"left\" valign=\"middle\">Pamukkale University<\/td>\n<td align=\"left\" valign=\"middle\">The Lagrange formulation of the symmetric teleparallel gravity in terms of the exterior algebra<\/td>\n<\/tr>\n<tr>\n<td align=\"left\" valign=\"middle\" height=\"32\">Pablo Antonio Cano<\/td>\n<td align=\"left\" valign=\"middle\">Instituto de F\u00edsca Te\u00f3rica, UAM-CSIC<\/td>\n<td align=\"left\" valign=\"middle\">Higher-curvature gravity and the fate of black holes<\/td>\n<\/tr>\n<tr>\n<td align=\"left\" valign=\"middle\" height=\"32\">S\u00e9rgio Costa Ulhoa<\/td>\n<td align=\"left\" valign=\"middle\">Universidade de Bras\u00edlia<\/td>\n<td align=\"left\" valign=\"middle\">On the quantization of charge-mass ratio<\/td>\n<\/tr>\n<tr>\n<td align=\"left\" valign=\"middle\" height=\"32\">Tom Zlosnik<\/td>\n<td align=\"left\" valign=\"middle\">Institute of Physics of the Czech Academy of Sciences<\/td>\n<td align=\"left\" valign=\"middle\">Cartan geometry and gravity<\/td>\n<\/tr>\n<tr>\n<td align=\"left\" valign=\"middle\" height=\"32\">Tom\u00e1s Ort\u00edn<\/td>\n<td align=\"left\" valign=\"middle\">Instituto de F\u00edsca Te\u00f3rica, UAM-CSIC<\/td>\n<td align=\"left\" valign=\"middle\">Higher-order terms in gravity theories: SEP and globally regular stringy black holes<\/td>\n<\/tr>\n<tr>\n<td align=\"left\" valign=\"middle\" height=\"32\">Yuri N. Obukhov<\/td>\n<td align=\"left\" valign=\"middle\">Russian Academy of Sciences, Nuclear Safety Institute<\/td>\n<td align=\"left\" valign=\"middle\">Premetric approach in teleparallel gravity theory<\/td>\n<\/tr>\n<\/tbody>\n<\/table>\n<p>&nbsp;<\/p>\n","protected":false},"excerpt":{"rendered":"<p>Name Institution Title Alejandro Jim\u00e9nez Cano Universidad de Granada Electromagnetism induced by projective symmetry in metric-affine gravity Andrew Finch Institute of Space Sciences and Astronomy, University of Malta Galactic Rotation Dynamics in f(T) gravity Bert Janssen Universidad de Granada Non-Levi-Civita connections in Palatini-Gauss-Bonnet gravity Cecilia Bejarano Instituto de Astronom\u00eda y F\u00edsica del Espacio (IAFE: CONICET &hellip; <a href=\"https:\/\/teleparalleluniverses.usal.es\/en\/english-participants\/\" class=\"more-link\">Continue reading<span class=\"screen-reader-text\"> &#8220;Participants&#8221;<\/span><\/a><\/p>\n","protected":false},"author":1,"featured_media":0,"parent":0,"menu_order":0,"comment_status":"closed","ping_status":"closed","template":"","meta":{"footnotes":""},"class_list":["post-103","page","type-page","status-publish","hentry"],"aioseo_notices":[],"_links":{"self":[{"href":"https:\/\/teleparalleluniverses.usal.es\/en\/wp-json\/wp\/v2\/pages\/103","targetHints":{"allow":["GET"]}}],"collection":[{"href":"https:\/\/teleparalleluniverses.usal.es\/en\/wp-json\/wp\/v2\/pages"}],"about":[{"href":"https:\/\/teleparalleluniverses.usal.es\/en\/wp-json\/wp\/v2\/types\/page"}],"author":[{"embeddable":true,"href":"https:\/\/teleparalleluniverses.usal.es\/en\/wp-json\/wp\/v2\/users\/1"}],"replies":[{"embeddable":true,"href":"https:\/\/teleparalleluniverses.usal.es\/en\/wp-json\/wp\/v2\/comments?post=103"}],"version-history":[{"count":32,"href":"https:\/\/teleparalleluniverses.usal.es\/en\/wp-json\/wp\/v2\/pages\/103\/revisions"}],"predecessor-version":[{"id":255,"href":"https:\/\/teleparalleluniverses.usal.es\/en\/wp-json\/wp\/v2\/pages\/103\/revisions\/255"}],"wp:attachment":[{"href":"https:\/\/teleparalleluniverses.usal.es\/en\/wp-json\/wp\/v2\/media?parent=103"}],"curies":[{"name":"wp","href":"https:\/\/api.w.org\/{rel}","templated":true}]}}